{"id":2177,"date":"2022-09-03T21:45:14","date_gmt":"2022-09-03T21:45:14","guid":{"rendered":"https:\/\/dreroxanebertrandchiropraticien.com\/wp\/?page_id=2177"},"modified":"2024-07-07T21:42:20","modified_gmt":"2024-07-07T21:42:20","slug":"politique-de-protection-des-renseignements-personnels-2","status":"publish","type":"page","link":"https:\/\/dreroxanebertrandchiropraticien.com\/wp\/politique-de-protection-des-renseignements-personnels-2","title":{"rendered":"Politique de protection des renseignements personnels\u00a0"},"content":{"rendered":"\n<p><strong>Nous avons \u00e0 c\u0153ur la protection de vos renseignements personnels et le respect de votre vie priv\u00e9e.<\/strong><\/p>\n\n\n\n<p>Nous nous assurons que les renseignements personnels recueillis sont conserv\u00e9s de fa\u00e7on s\u00e9curitaire et confidentielle en tout temps.<\/p>\n\n\n\n<p>La Dre <em>Roxane Bertrand<\/em>, chiropraticienne, assure personnellement la protection de vos informations personnelles conform\u00e9ment aux Lois en vigueurs (LQ 2021 c.25).<\/p>\n\n\n\n<p>Pour toute demande d\u2019information, contactez directement : <strong><em>dreroxanebertrandchiropraticienne@outlook.com<\/em><\/strong><\/p>\n\n\n\n<figure class=\"wp-block-image size-large\"><img decoding=\"async\" src=\"https:\/\/dreroxanebertrandchiropraticien.com\/wp\/wp-content\/uploads\/2024\/07\/IMG_6205.jpeg\" alt=\"\"\/><\/figure>\n","protected":false},"excerpt":{"rendered":"<p>Nous avons \u00e0 c\u0153ur la protection de vos renseignements personnels et le respect de votre vie priv\u00e9e. Nous nous assurons que les renseignements personnels recueillis sont conserv\u00e9s de fa\u00e7on s\u00e9curitaire et confidentielle en tout temps. La Dre Roxane Bertrand, chiropraticienne, assure personnellement la protection de vos informations personnelles conform\u00e9ment aux Lois en vigueurs (LQ 2021 [&hellip;]<\/p>\n","protected":false},"author":1,"featured_media":0,"parent":0,"menu_order":0,"comment_status":"closed","ping_status":"closed","template":"","meta":{"footnotes":""},"class_list":["post-2177","page","type-page","status-publish","hentry"],"aioseo_notices":[],"_links":{"self":[{"href":"https:\/\/dreroxanebertrandchiropraticien.com\/wp\/wp-json\/wp\/v2\/pages\/2177","targetHints":{"allow":["GET"]}}],"collection":[{"href":"https:\/\/dreroxanebertrandchiropraticien.com\/wp\/wp-json\/wp\/v2\/pages"}],"about":[{"href":"https:\/\/dreroxanebertrandchiropraticien.com\/wp\/wp-json\/wp\/v2\/types\/page"}],"author":[{"embeddable":true,"href":"https:\/\/dreroxanebertrandchiropraticien.com\/wp\/wp-json\/wp\/v2\/users\/1"}],"replies":[{"embeddable":true,"href":"https:\/\/dreroxanebertrandchiropraticien.com\/wp\/wp-json\/wp\/v2\/comments?post=2177"}],"version-history":[{"count":3,"href":"https:\/\/dreroxanebertrandchiropraticien.com\/wp\/wp-json\/wp\/v2\/pages\/2177\/revisions"}],"predecessor-version":[{"id":2200,"href":"https:\/\/dreroxanebertrandchiropraticien.com\/wp\/wp-json\/wp\/v2\/pages\/2177\/revisions\/2200"}],"wp:attachment":[{"href":"https:\/\/dreroxanebertrandchiropraticien.com\/wp\/wp-json\/wp\/v2\/media?parent=2177"}],"curies":[{"name":"wp","href":"https:\/\/api.w.org\/{rel}","templated":true}]}}